{"id":1316,"date":"2017-10-16T04:10:26","date_gmt":"2017-10-16T04:10:26","guid":{"rendered":"http:\/\/ninzio.com\/bauer\/?page_id=1316"},"modified":"2020-12-09T13:36:27","modified_gmt":"2020-12-09T18:36:27","slug":"about-us","status":"publish","type":"page","link":"https:\/\/expertec.pe\/site\/about-us\/","title":{"rendered":"La Empresa"},"content":{"rendered":"<div class=\"wpb-content-wrapper\"><p>[vc_row css=\u00bb.vc_custom_1558754119849{background-image: url(https:\/\/expertec.pe\/site\/wp-content\/uploads\/2019\/05\/main-bg-1.png?id=8860) !important;background-position: center !important;background-repeat: no-repeat !important;background-size: cover !important;}\u00bb el_id=\u00bbfirst-row\u00bb][vc_column]\r\n\t<div class=\"bauer-spacer clearfix\" data-desktop=\"94\" data-mobi=\"60\" data-smobi=\"60\"><\/div>[vc_row_inner][vc_column_inner width=\u00bb1\/2&#8243;]<div class=\"bauer-single-heading clearfix \" style=\"margin-bottom:25px;\"><span class=\"inner\"><span class=\"heading clearfix \" style=\"font-weight:600;color:#cacaca;font-size:16px;\">\r\n\t\tBienvenido\r\n\t<\/span><\/span><\/div><h2 class=\"bauer-text clearfix \" style=\"font-size:42px;line-height:50px;margin-bottom:32px;\"><p><span class=\"font-weight-300\">EXPERTEC PERU S.A.C.,<\/span> es una empresa que se ha posicionado en diversos sectores de la econom\u00eda nacional<\/p>\n<\/h2><div class=\"bauer-text clearfix \" style=\"font-size:18px;line-height:30px;color:#414042;margin-bottom:34px;\"><p>Somos una empresa de servicios, el proceso de crecimiento de la empresa est\u00e1 basado en la productividad del personal y la satisfacci\u00f3n que se logre alcanzar de nuestros clientes.<\/p>\n<\/div><div class=\"bauer-text clearfix \" style=\"\"><p>Las din\u00e1micas comerciales desarrolladas con los clientes durante nuestras actividades laborales fortalecen nuestro compromiso de entregar calidad de servicio.<\/p>\n<p>Nuestra experiencia nos permite optimizar adecuadamente nuestros procesos de trabajo, de ingenier\u00eda, lo cual influye directamente en los resultados finales de los clientes.<\/p>\n<p>Contamos con un equipo de amplia experiencia y trayectoria con capacidad de dise\u00f1ar diversos proyectos a nivel nacional.<\/p>\n<\/div>[\/vc_column_inner][vc_column_inner width=\u00bb1\/2&#8243;]\r\n\t<div class=\"bauer-spacer clearfix\" data-desktop=\"55\" data-mobi=\"40\" data-smobi=\"40\"><\/div><div class=\"bauer-simple-image text-center\" style=\"\" >\r\n\t\t\t<img decoding=\"async\" alt=\"image\" src=\"https:\/\/expertec.pe\/site\/wp-content\/uploads\/2020\/12\/about-main-1-1.png\" \/> \r\n\t\t<\/div>[\/vc_column_inner][\/vc_row_inner]\r\n\t<div class=\"bauer-spacer clearfix\" data-desktop=\"100\" data-mobi=\"60\" data-smobi=\"60\"><\/div>[\/vc_column][\/vc_row][vc_row img_halfrow=\u00bbsimple\u00bb halfrow_image=\u00bb9658&#8243; img_columns=\u00bb6columns\u00bb img_position=\u00bbimgleft\u00bb css=\u00bb.vc_custom_1607016993106{background-color: #f7f9fa !important;}\u00bb][vc_column width=\u00bb1\/2&#8243;][\/vc_column][vc_column width=\u00bb1\/2&#8243;]<div class=\"bauer-content-box clearfix \" data-padding=\"0% 0% 0% 20%\" data-mobipadding=\"0% 0% 0% 0%\" data-margin=\"\" data-mobimargin=\"\" >\r\n\t\t<div class=\"inner ctb-30321132\" style=\"\"  data-background=\"\">\r\n\t\t\t\r\n\t<div class=\"bauer-spacer clearfix\" data-desktop=\"45\" data-mobi=\"45\" data-smobi=\"45\"><\/div><div class=\"bauer-single-heading clearfix \" style=\"margin-bottom:24px;\"><span class=\"inner\"><span class=\"heading clearfix \" style=\"font-weight:600;color:#777777;font-size:16px;\">\r\n\t\tMISI\u00d3N:\r\n\t<\/span><\/span><\/div><div class=\"bauer-text clearfix \" style=\"color:#414042;\"><p>Atender las necesidades de nuestros clientes, mediante la aplicaci\u00f3n y cumplimiento permanente de altos est\u00e1ndares de calidad y tecnolog\u00eda, soportados en un equipo humano calificado y eficiente, lo cual unido a una filosof\u00eda de excelencia en el servicio, garantizan un alto nivel de confiabilidad y \u00e9xito.<\/p>\n<\/div>\r\n\t<div class=\"bauer-spacer clearfix\" data-desktop=\"37\" data-mobi=\"37\" data-smobi=\"37\"><\/div><div class=\"bauer-single-heading clearfix \" style=\"margin-bottom:24px;\"><span class=\"inner\"><span class=\"heading clearfix \" style=\"font-weight:600;color:#777777;font-size:16px;\">\r\n\t\tVISI\u00d3N:\r\n\t<\/span><\/span><\/div><div class=\"bauer-text clearfix \" style=\"color:#414042;\"><p>EXPERTEC PERU S.A.C., se proyecta como empresa l\u00edder en la prestaci\u00f3n de servicios relacionados al desarrollo de ingenier\u00eda y ejecuci\u00f3n de proyectos electromec\u00e1nicos.<\/p>\n<\/div>\r\n\t<div class=\"bauer-spacer clearfix\" data-desktop=\"80\" data-mobi=\"60\" data-smobi=\"60\"><\/div>\r\n\t\t<\/div>\r\n\t<\/div>[\/vc_column][\/vc_row][vc_row css=\u00bb.vc_custom_1557825100635{background-image: url(https:\/\/expertec.pe\/site\/wp-content\/uploads\/2019\/05\/section-bg1-2.png?id=8072) !important;background-position: center !important;background-repeat: no-repeat !important;background-size: cover !important;}\u00bb][vc_column]\r\n\t<div class=\"bauer-spacer clearfix\" data-desktop=\"94\" data-mobi=\"60\" data-smobi=\"60\"><\/div>[vc_row_inner][vc_column_inner width=\u00bb1\/2&#8243;]<div class=\"bauer-single-heading clearfix \" style=\"margin-bottom:25px;\"><span class=\"inner\"><span class=\"heading clearfix \" style=\"font-weight:600;color:#777777;font-size:16px;\">\r\n\t\tPOL\u00cdTICA DE C\u00c1LIDAD\r\n\t<\/span><\/span><\/div><h3 class=\"bauer-text clearfix \" style=\"font-size:32px;line-height:40px;color:#030f27;\"><p><span class=\"font-weight-300\"><\/span>Buscamos lograr la satisfacci\u00f3n de las necesidades y expectativas de nuestros clientes<\/p>\n<\/h3>[\/vc_column_inner][vc_column_inner width=\u00bb1\/2&#8243;]\r\n\t<div class=\"bauer-spacer clearfix\" data-desktop=\"52\" data-mobi=\"30\" data-smobi=\"30\"><\/div><div class=\"bauer-text clearfix \" style=\"font-size:18px;line-height:30px;color:#414042;\"><p>implementando procesos de calidad definidos, con el apoyo y participaci\u00f3n de todo nuestro personal, posicion\u00e1ndonos como una opci\u00f3n confiable para la ejecuci\u00f3n de proyectos electromec\u00e1nicos.<\/p>\n<\/div>[\/vc_column_inner][\/vc_row_inner]\r\n\t<div class=\"bauer-spacer clearfix\" data-desktop=\"70\" data-mobi=\"50\" data-smobi=\"50\"><\/div>[vc_row_inner disable_element=\u00bbyes\u00bb][vc_column_inner width=\u00bb1\/3&#8243;]<div class=\"bauer-icon-box clearfix icon-left align-left hover-style-1 simple\" style=\"background-color:#ffffff;padding:25px 25px 27px;border-radius:5px;border:1px solid #e7e7e7;\" ><div class=\"hover\" style=\"border-radius:5px;background-image:url(https:\/\/expertec.pe\/site\/wp-content\/uploads\/2019\/05\/iconbox-small-bg1.jpg);\"><\/div><div class=\"wrap-inner\" style=\"position: relative;\"><div class=\"bauer-icon icon-1080199479 accent custom\"  data-background=\"\">\r\n\t\t\t\t<span class=\"icon\" style=\"font-size:50px;width:50px;height:50px;border-style:solid;line-height:50px;\"><i class=\"bauerico-helmet\"><\/i><\/span>\r\n\t\t\t<\/div> <h3 class=\"heading \" style=\"padding-left:75px;font-size:20px;line-height:24px;margin-bottom:12px;\">\r\n\t\t\t<span>Construction<br \/>\nManagement<\/span>\r\n\t\t<\/h3><div class=\"desc\" style=\"padding-left:75px;\"><p>This area delivers the control you want over all critical aspects of your project.<\/p>\n<\/div> <div class=\"hover\" style=\"border-radius:5px;background-image:url(https:\/\/expertec.pe\/site\/wp-content\/uploads\/2019\/05\/iconbox-small-bg1.jpg);\"><\/div><\/div><\/div>\r\n\t<div class=\"bauer-spacer clearfix\" data-desktop=\"0\" data-mobi=\"30\" data-smobi=\"30\"><\/div>[\/vc_column_inner][vc_column_inner width=\u00bb1\/3&#8243;]<div class=\"bauer-icon-box clearfix icon-left align-left hover-style-1 simple\" style=\"background-color:#ffffff;padding:25px 25px 27px;border-radius:5px;border:1px solid #e7e7e7;\" ><div class=\"hover\" style=\"border-radius:5px;background-image:url(https:\/\/expertec.pe\/site\/wp-content\/uploads\/2019\/05\/iconbox-small-bg2.jpg);\"><\/div><div class=\"wrap-inner\" style=\"position: relative;\"><div class=\"bauer-icon icon-1381803839 accent custom\"  data-background=\"\">\r\n\t\t\t\t<span class=\"icon\" style=\"font-size:50px;width:50px;height:50px;border-style:solid;line-height:50px;\"><i class=\"bauerico-building\"><\/i><\/span>\r\n\t\t\t<\/div> <h3 class=\"heading \" style=\"padding-left:75px;font-size:20px;line-height:24px;margin-bottom:12px;\">\r\n\t\t\t<span>Owner's<br \/>\nRepresentation<\/span>\r\n\t\t<\/h3><div class=\"desc\" style=\"padding-left:75px;\"><p>A good owner\u2019s rep saves their client time, money and a lot of headaches.<\/p>\n<\/div> <div class=\"hover\" style=\"border-radius:5px;background-image:url(https:\/\/expertec.pe\/site\/wp-content\/uploads\/2019\/05\/iconbox-small-bg2.jpg);\"><\/div><\/div><\/div>\r\n\t<div class=\"bauer-spacer clearfix\" data-desktop=\"0\" data-mobi=\"30\" data-smobi=\"30\"><\/div>[\/vc_column_inner][vc_column_inner width=\u00bb1\/3&#8243;]<div class=\"bauer-icon-box clearfix icon-left align-left hover-style-1 simple\" style=\"background-color:#ffffff;padding:25px 25px 27px;border-radius:5px;border:1px solid #e7e7e7;\" ><div class=\"hover\" style=\"border-radius:5px;background-image:url(https:\/\/expertec.pe\/site\/wp-content\/uploads\/2019\/05\/iconbox-small-bg3.jpg);\"><\/div><div class=\"wrap-inner\" style=\"position: relative;\"><div class=\"bauer-icon icon-2030126196 accent custom\"  data-background=\"\">\r\n\t\t\t\t<span class=\"icon\" style=\"font-size:50px;width:50px;height:50px;border-style:solid;line-height:50px;\"><i class=\"bauerico-crane\"><\/i><\/span>\r\n\t\t\t<\/div> <h3 class=\"heading \" style=\"padding-left:75px;font-size:20px;line-height:24px;margin-bottom:12px;\">\r\n\t\t\t<span>General<br \/>\nContractor<\/span>\r\n\t\t<\/h3><div class=\"desc\" style=\"padding-left:75px;\"><p>Clients hire Bauer because we deliver great value, without question.<\/p>\n<\/div> <div class=\"hover\" style=\"border-radius:5px;background-image:url(https:\/\/expertec.pe\/site\/wp-content\/uploads\/2019\/05\/iconbox-small-bg3.jpg);\"><\/div><\/div><\/div>[\/vc_column_inner][\/vc_row_inner]\r\n\t<div class=\"bauer-spacer clearfix\" data-desktop=\"100\" data-mobi=\"60\" data-smobi=\"60\"><\/div>[\/vc_column][\/vc_row][vc_row disable_element=\u00bbyes\u00bb css=\u00bb.vc_custom_1606560506314{background: #f7f9fa url(https:\/\/expertec.pe\/site\/wp-content\/uploads\/2019\/05\/footer-bg-full.jpg?id=8878) !important;}\u00bb][vc_column]\r\n\t<div class=\"bauer-spacer clearfix\" data-desktop=\"94\" data-mobi=\"60\" data-smobi=\"60\"><\/div><div class=\"bauer-single-heading clearfix text-center\" style=\"margin-bottom:24px;\"><span class=\"inner\"><span class=\"heading clearfix \" style=\"font-weight:600;color:#777777;font-size:16px;\">\r\n\t\tTESTIMONIALS\r\n\t<\/span><\/span><\/div><h2 class=\"bauer-text clearfix text-center\" style=\"font-size:42px;line-height:50px;margin-bottom:30px;max-width:530px;margin-left: auto; margin-right: auto;\"><p><span class=\"font-weight-300\">What<\/span> our customers <span class=\"font-weight-300\">are saying about us<\/span><\/p>\n<\/h2><div class=\"bauer-text clearfix text-center\" style=\"font-size:18px;line-height:30px;color:#414042;max-width:570px;margin-left: auto; margin-right: auto;\"><p>See what Bauer clients have to say about a variety of services<br \/>\nthat we provided for their projects.<\/p>\n<\/div>\r\n\t<div class=\"bauer-spacer clearfix\" data-desktop=\"65\" data-mobi=\"40\" data-smobi=\"40\"><\/div>[vc_row_inner][vc_column_inner width=\u00bb1\/3&#8243;][\/vc_column_inner][vc_column_inner width=\u00bb2\/3&#8243;]<div class=\"bauer-carousel-box arrow-style-1 arrow-center offsetcenter offset-v0 arrow50\" data-auto=\"false\" data-loop=\"false\" data-gap=\"30\" data-column=\"2\" data-column2=\"2\" data-column3=\"1\">\r\n        <div class=\"owl-carousel owl-theme\"><div class=\"bauer-testimonials light clearfix style-1 simple\" style=\"\">\r\n        <div class=\"inner\" style=\"padding:38px 30px 30px 30px;border-radius:5px;\">\r\n\t    <div class=\"image-wrap\">\r\n\t    \t<div class=\"thumb\" style=\"max-width:100px;margin-bottom:26px;\"><img loading=\"lazy\" decoding=\"async\" width=\"100\" height=\"100\" src=\"https:\/\/expertec.pe\/site\/wp-content\/uploads\/2019\/05\/testimonial1-2.jpg\" class=\"attachment-full size-full\" alt=\"\" \/><\/div>\r\n\t    <\/div>\r\n\t    <div class=\"name-wrap\" style=\"margin-bottom:18px;\">\r\n\t    \t<div class=\"name-pos\" style=\"\"><h6 class=\"name\" style=\"\"><span>Eloise Smith<\/span><\/h6> <span class=\"position\" style=\"\">Industrial Engineer and CEO<\/span><\/div>\r\n\t    <\/div>\r\n\t    <div class=\"text-wrap\">\r\n\t    <blockquote class=\"text\" style=\"font-style:normal;\"><p style=\"margin-bottom: 32px; font-size: 14px; line-height: 25px;\">Bauer X did an excellent job from the conceptual stage through the finished construction of our new office.<\/p>\n<p><img loading=\"lazy\" decoding=\"async\" src=\"https:\/\/expertec.pe\/site\/wp-content\/uploads\/2019\/05\/logo1.png\" alt=\"\" class=\"alignnone size-full wp-image-7669\" width=\"100\" height=\"17\" \/><\/p>\n<\/blockquote>\r\n\t    <\/div>\r\n    <\/div>\r\n    <\/div><div class=\"bauer-testimonials light clearfix style-1 simple\" style=\"\">\r\n        <div class=\"inner\" style=\"padding:38px 30px 30px 30px;border-radius:5px;\">\r\n\t    <div class=\"image-wrap\">\r\n\t    \t<div class=\"thumb\" style=\"max-width:100px;margin-bottom:26px;\"><img loading=\"lazy\" decoding=\"async\" width=\"100\" height=\"100\" src=\"https:\/\/expertec.pe\/site\/wp-content\/uploads\/2019\/05\/testimonial2.jpg\" class=\"attachment-full size-full\" alt=\"\" \/><\/div>\r\n\t    <\/div>\r\n\t    <div class=\"name-wrap\" style=\"margin-bottom:18px;\">\r\n\t    \t<div class=\"name-pos\" style=\"\"><h6 class=\"name\" style=\"\"><span>Thomas Smith<\/span><\/h6> <span class=\"position\" style=\"\">Industrial Engineer and CEO<\/span><\/div>\r\n\t    <\/div>\r\n\t    <div class=\"text-wrap\">\r\n\t    <blockquote class=\"text\" style=\"font-style:normal;\"><p style=\"margin-bottom: 32px; font-size: 14px; line-height: 25px;\">Bauer X did an excellent job from the conceptual stage through the finished construction of our new office.<\/p>\n<p><img loading=\"lazy\" decoding=\"async\" src=\"https:\/\/expertec.pe\/site\/wp-content\/uploads\/2019\/05\/logo2.png\" alt=\"\" class=\"alignnone size-full wp-image-7670\" width=\"97\" height=\"20\" \/><\/p>\n<\/blockquote>\r\n\t    <\/div>\r\n    <\/div>\r\n    <\/div><div class=\"bauer-testimonials light clearfix style-1 simple\" style=\"\">\r\n        <div class=\"inner\" style=\"padding:38px 30px 30px 30px;border-radius:5px;\">\r\n\t    <div class=\"image-wrap\">\r\n\t    \t<div class=\"thumb\" style=\"max-width:100px;margin-bottom:26px;\"><img loading=\"lazy\" decoding=\"async\" width=\"100\" height=\"100\" src=\"https:\/\/expertec.pe\/site\/wp-content\/uploads\/2019\/05\/testimonial3.jpg\" class=\"attachment-full size-full\" alt=\"\" \/><\/div>\r\n\t    <\/div>\r\n\t    <div class=\"name-wrap\" style=\"margin-bottom:18px;\">\r\n\t    \t<div class=\"name-pos\" style=\"\"><h6 class=\"name\" style=\"\"><span>Vincent Smith<\/span><\/h6> <span class=\"position\" style=\"\">Industrial Engineer and CEO<\/span><\/div>\r\n\t    <\/div>\r\n\t    <div class=\"text-wrap\">\r\n\t    <blockquote class=\"text\" style=\"font-style:normal;\"><p style=\"margin-bottom: 32px; font-size: 14px; line-height: 25px;\">Bauer X did an excellent job from the conceptual stage through the finished construction of our new office.<\/p>\n<p><img loading=\"lazy\" decoding=\"async\" src=\"https:\/\/expertec.pe\/site\/wp-content\/uploads\/2019\/05\/logo3.png\" alt=\"\" class=\"alignnone size-full wp-image-7671\" width=\"135\" height=\"25\" \/><\/p>\n<\/blockquote>\r\n\t    <\/div>\r\n    <\/div>\r\n    <\/div><div class=\"bauer-testimonials light clearfix style-1 simple\" style=\"\">\r\n        <div class=\"inner\" style=\"padding:38px 30px 30px 30px;border-radius:5px;\">\r\n\t    <div class=\"image-wrap\">\r\n\t    \t<div class=\"thumb\" style=\"max-width:100px;margin-bottom:26px;\"><img loading=\"lazy\" decoding=\"async\" width=\"100\" height=\"100\" src=\"https:\/\/expertec.pe\/site\/wp-content\/uploads\/2019\/05\/testimonial1-2.jpg\" class=\"attachment-full size-full\" alt=\"\" \/><\/div>\r\n\t    <\/div>\r\n\t    <div class=\"name-wrap\" style=\"margin-bottom:18px;\">\r\n\t    \t<div class=\"name-pos\" style=\"\"><h6 class=\"name\" style=\"\"><span>Eloise Smith<\/span><\/h6> <span class=\"position\" style=\"\">Industrial Engineer and CEO<\/span><\/div>\r\n\t    <\/div>\r\n\t    <div class=\"text-wrap\">\r\n\t    <blockquote class=\"text\" style=\"font-style:normal;\"><p style=\"margin-bottom: 32px; font-size: 14px; line-height: 25px;\">Bauer X did an excellent job from the conceptual stage through the finished construction of our new office.<\/p>\n<p><img loading=\"lazy\" decoding=\"async\" src=\"https:\/\/expertec.pe\/site\/wp-content\/uploads\/2019\/05\/logo1.png\" alt=\"\" class=\"alignnone size-full wp-image-7669\" width=\"100\" height=\"17\" \/><\/p>\n<\/blockquote>\r\n\t    <\/div>\r\n    <\/div>\r\n    <\/div><div class=\"bauer-testimonials light clearfix style-1 simple\" style=\"\">\r\n        <div class=\"inner\" style=\"padding:38px 30px 30px 30px;border-radius:5px;\">\r\n\t    <div class=\"image-wrap\">\r\n\t    \t<div class=\"thumb\" style=\"max-width:100px;margin-bottom:26px;\"><img loading=\"lazy\" decoding=\"async\" width=\"100\" height=\"100\" src=\"https:\/\/expertec.pe\/site\/wp-content\/uploads\/2019\/05\/testimonial2.jpg\" class=\"attachment-full size-full\" alt=\"\" \/><\/div>\r\n\t    <\/div>\r\n\t    <div class=\"name-wrap\" style=\"margin-bottom:18px;\">\r\n\t    \t<div class=\"name-pos\" style=\"\"><h6 class=\"name\" style=\"\"><span>Thomas Smith<\/span><\/h6> <span class=\"position\" style=\"\">Industrial Engineer and CEO<\/span><\/div>\r\n\t    <\/div>\r\n\t    <div class=\"text-wrap\">\r\n\t    <blockquote class=\"text\" style=\"font-style:normal;\"><p style=\"margin-bottom: 32px; font-size: 14px; line-height: 25px;\">Bauer X did an excellent job from the conceptual stage through the finished construction of our new office.<\/p>\n<p><img loading=\"lazy\" decoding=\"async\" src=\"https:\/\/expertec.pe\/site\/wp-content\/uploads\/2019\/05\/logo2.png\" alt=\"\" class=\"alignnone size-full wp-image-7670\" width=\"97\" height=\"20\" \/><\/p>\n<\/blockquote>\r\n\t    <\/div>\r\n    <\/div>\r\n    <\/div><div class=\"bauer-testimonials light clearfix style-1 simple\" style=\"\">\r\n        <div class=\"inner\" style=\"padding:38px 30px 30px 30px;border-radius:5px;\">\r\n\t    <div class=\"image-wrap\">\r\n\t    \t<div class=\"thumb\" style=\"max-width:100px;margin-bottom:26px;\"><img loading=\"lazy\" decoding=\"async\" width=\"100\" height=\"100\" src=\"https:\/\/expertec.pe\/site\/wp-content\/uploads\/2019\/05\/testimonial3.jpg\" class=\"attachment-full size-full\" alt=\"\" \/><\/div>\r\n\t    <\/div>\r\n\t    <div class=\"name-wrap\" style=\"margin-bottom:18px;\">\r\n\t    \t<div class=\"name-pos\" style=\"\"><h6 class=\"name\" style=\"\"><span>Vincent Smith<\/span><\/h6> <span class=\"position\" style=\"\">Industrial Engineer and CEO<\/span><\/div>\r\n\t    <\/div>\r\n\t    <div class=\"text-wrap\">\r\n\t    <blockquote class=\"text\" style=\"font-style:normal;\"><p style=\"margin-bottom: 32px; font-size: 14px; line-height: 25px;\">Bauer X did an excellent job from the conceptual stage through the finished construction of our new office.<\/p>\n<p><img loading=\"lazy\" decoding=\"async\" src=\"https:\/\/expertec.pe\/site\/wp-content\/uploads\/2019\/05\/logo3.png\" alt=\"\" class=\"alignnone size-full wp-image-7671\" width=\"135\" height=\"25\" \/><\/p>\n<\/blockquote>\r\n\t    <\/div>\r\n    <\/div>\r\n    <\/div><div class=\"bauer-testimonials light clearfix style-1 simple\" style=\"\">\r\n        <div class=\"inner\" style=\"padding:38px 30px 30px 30px;border-radius:5px;\">\r\n\t    <div class=\"image-wrap\">\r\n\t    \t<div class=\"thumb\" style=\"max-width:100px;margin-bottom:26px;\"><img loading=\"lazy\" decoding=\"async\" width=\"100\" height=\"100\" src=\"https:\/\/expertec.pe\/site\/wp-content\/uploads\/2019\/05\/testimonial1-2.jpg\" class=\"attachment-full size-full\" alt=\"\" \/><\/div>\r\n\t    <\/div>\r\n\t    <div class=\"name-wrap\" style=\"margin-bottom:18px;\">\r\n\t    \t<div class=\"name-pos\" style=\"\"><h6 class=\"name\" style=\"\"><span>Eloise Smith<\/span><\/h6> <span class=\"position\" style=\"\">Industrial Engineer and CEO<\/span><\/div>\r\n\t    <\/div>\r\n\t    <div class=\"text-wrap\">\r\n\t    <blockquote class=\"text\" style=\"font-style:normal;\"><p style=\"margin-bottom: 32px; font-size: 14px; line-height: 25px;\">Bauer X did an excellent job from the conceptual stage through the finished construction of our new office.<\/p>\n<p><img loading=\"lazy\" decoding=\"async\" src=\"https:\/\/expertec.pe\/site\/wp-content\/uploads\/2019\/05\/logo1.png\" alt=\"\" class=\"alignnone size-full wp-image-7669\" width=\"100\" height=\"17\" \/><\/p>\n<\/blockquote>\r\n\t    <\/div>\r\n    <\/div>\r\n    <\/div><div class=\"bauer-testimonials light clearfix style-1 simple\" style=\"\">\r\n        <div class=\"inner\" style=\"padding:38px 30px 30px 30px;border-radius:5px;\">\r\n\t    <div class=\"image-wrap\">\r\n\t    \t<div class=\"thumb\" style=\"max-width:100px;margin-bottom:26px;\"><img loading=\"lazy\" decoding=\"async\" width=\"100\" height=\"100\" src=\"https:\/\/expertec.pe\/site\/wp-content\/uploads\/2019\/05\/testimonial2.jpg\" class=\"attachment-full size-full\" alt=\"\" \/><\/div>\r\n\t    <\/div>\r\n\t    <div class=\"name-wrap\" style=\"margin-bottom:18px;\">\r\n\t    \t<div class=\"name-pos\" style=\"\"><h6 class=\"name\" style=\"\"><span>Thomas Smith<\/span><\/h6> <span class=\"position\" style=\"\">Industrial Engineer and CEO<\/span><\/div>\r\n\t    <\/div>\r\n\t    <div class=\"text-wrap\">\r\n\t    <blockquote class=\"text\" style=\"font-style:normal;\"><p style=\"margin-bottom: 32px; font-size: 14px; line-height: 25px;\">Bauer X did an excellent job from the conceptual stage through the finished construction of our new office.<\/p>\n<p><img loading=\"lazy\" decoding=\"async\" src=\"https:\/\/expertec.pe\/site\/wp-content\/uploads\/2019\/05\/logo2.png\" alt=\"\" class=\"alignnone size-full wp-image-7670\" width=\"97\" height=\"20\" \/><\/p>\n<\/blockquote>\r\n\t    <\/div>\r\n    <\/div>\r\n    <\/div><div class=\"bauer-testimonials light clearfix style-1 simple\" style=\"\">\r\n        <div class=\"inner\" style=\"padding:38px 30px 30px 30px;border-radius:5px;\">\r\n\t    <div class=\"image-wrap\">\r\n\t    \t<div class=\"thumb\" style=\"max-width:100px;margin-bottom:26px;\"><img loading=\"lazy\" decoding=\"async\" width=\"100\" height=\"100\" src=\"https:\/\/expertec.pe\/site\/wp-content\/uploads\/2019\/05\/testimonial3.jpg\" class=\"attachment-full size-full\" alt=\"\" \/><\/div>\r\n\t    <\/div>\r\n\t    <div class=\"name-wrap\" style=\"margin-bottom:18px;\">\r\n\t    \t<div class=\"name-pos\" style=\"\"><h6 class=\"name\" style=\"\"><span>Vincent Smith<\/span><\/h6> <span class=\"position\" style=\"\">Industrial Engineer and CEO<\/span><\/div>\r\n\t    <\/div>\r\n\t    <div class=\"text-wrap\">\r\n\t    <blockquote class=\"text\" style=\"font-style:normal;\"><p style=\"margin-bottom: 32px; font-size: 14px; line-height: 25px;\">Bauer X did an excellent job from the conceptual stage through the finished construction of our new office.<\/p>\n<p><img loading=\"lazy\" decoding=\"async\" src=\"https:\/\/expertec.pe\/site\/wp-content\/uploads\/2019\/05\/logo3.png\" alt=\"\" class=\"alignnone size-full wp-image-7671\" width=\"135\" height=\"25\" \/><\/p>\n<\/blockquote>\r\n\t    <\/div>\r\n    <\/div>\r\n    <\/div><\/div>\r\n\t<\/div>[\/vc_column_inner][\/vc_row_inner]\r\n\t<div class=\"bauer-spacer clearfix\" data-desktop=\"175\" data-mobi=\"135\" data-smobi=\"135\"><\/div>[\/vc_column][\/vc_row]<\/p>\n<\/div>","protected":false},"excerpt":{"rendered":"<p>[vc_row css=\u00bb.vc_custom_1558754119849{background-image: url(https:\/\/expertec.pe\/site\/wp-content\/uploads\/2019\/05\/main-bg-1.png?id=8860) !important;background-position: center !important;background-repeat: no-repeat !important;background-size: cover !important;}\u00bb el_id=\u00bbfirst-row\u00bb][vc_column][vc_row_inner][vc_column_inner width=\u00bb1\/2&#8243;][\/vc_column_inner][vc_column_inner width=\u00bb1\/2&#8243;][\/vc_column_inner][\/vc_row_inner][\/vc_column][\/vc_row][vc_row img_halfrow=\u00bbsimple\u00bb halfrow_image=\u00bb9658&#8243; img_columns=\u00bb6columns\u00bb img_position=\u00bbimgleft\u00bb css=\u00bb.vc_custom_1607016993106{background-color: #f7f9fa !important;}\u00bb][vc_column width=\u00bb1\/2&#8243;][\/vc_column][vc_column width=\u00bb1\/2&#8243;][\/vc_column][\/vc_row][vc_row css=\u00bb.vc_custom_1557825100635{background-image: url(https:\/\/expertec.pe\/site\/wp-content\/uploads\/2019\/05\/section-bg1-2.png?id=8072) !important;background-position: center !important;background-repeat: no-repeat !important;background-size: cover !important;}\u00bb][vc_column][vc_row_inner][vc_column_inner width=\u00bb1\/2&#8243;][\/vc_column_inner][vc_column_inner width=\u00bb1\/2&#8243;][\/vc_column_inner][\/vc_row_inner][vc_row_inner disable_element=\u00bbyes\u00bb][vc_column_inner width=\u00bb1\/3&#8243;][\/vc_column_inner][vc_column_inner width=\u00bb1\/3&#8243;][\/vc_column_inner][vc_column_inner width=\u00bb1\/3&#8243;][\/vc_column_inner][\/vc_row_inner][\/vc_column][\/vc_row][vc_row disable_element=\u00bbyes\u00bb css=\u00bb.vc_custom_1606560506314{background: #f7f9fa url(https:\/\/expertec.pe\/site\/wp-content\/uploads\/2019\/05\/footer-bg-full.jpg?id=8878) !important;}\u00bb][vc_column][vc_row_inner][vc_column_inner width=\u00bb1\/3&#8243;][\/vc_column_inner][vc_column_inner width=\u00bb2\/3&#8243;][\/vc_column_inner][\/vc_row_inner][\/vc_column][\/vc_row]<\/p>\n","protected":false},"author":1,"featured_media":0,"parent":0,"menu_order":0,"comment_status":"closed","ping_status":"closed","template":"","meta":{"footnotes":""},"class_list":["post-1316","page","type-page","status-publish","hentry"],"_links":{"self":[{"href":"https:\/\/expertec.pe\/site\/wp-json\/wp\/v2\/pages\/1316","targetHints":{"allow":["GET"]}}],"collection":[{"href":"https:\/\/expertec.pe\/site\/wp-json\/wp\/v2\/pages"}],"about":[{"href":"https:\/\/expertec.pe\/site\/wp-json\/wp\/v2\/types\/page"}],"author":[{"embeddable":true,"href":"https:\/\/expertec.pe\/site\/wp-json\/wp\/v2\/users\/1"}],"replies":[{"embeddable":true,"href":"https:\/\/expertec.pe\/site\/wp-json\/wp\/v2\/comments?post=1316"}],"version-history":[{"count":16,"href":"https:\/\/expertec.pe\/site\/wp-json\/wp\/v2\/pages\/1316\/revisions"}],"predecessor-version":[{"id":9716,"href":"https:\/\/expertec.pe\/site\/wp-json\/wp\/v2\/pages\/1316\/revisions\/9716"}],"wp:attachment":[{"href":"https:\/\/expertec.pe\/site\/wp-json\/wp\/v2\/media?parent=1316"}],"curies":[{"name":"wp","href":"https:\/\/api.w.org\/{rel}","templated":true}]}}