{"id":9483,"date":"2020-11-28T09:52:06","date_gmt":"2020-11-28T14:52:06","guid":{"rendered":"https:\/\/expertec.pe\/site\/?page_id=9483"},"modified":"2020-12-11T16:19:15","modified_gmt":"2020-12-11T21:19:15","slug":"sistemas-de-utilizacion-en-media-tension","status":"publish","type":"page","link":"https:\/\/expertec.pe\/site\/sistemas-de-utilizacion-en-media-tension\/","title":{"rendered":"SISTEMAS DE UTILIZACI\u00d3N EN MEDIA TENSI\u00d3N"},"content":{"rendered":"<div class=\"wpb-content-wrapper\"><p>[vc_row css=\u00bb.vc_custom_1606936395916{background: #d9d9d9 url(https:\/\/expertec.pe\/site\/wp-content\/uploads\/2020\/12\/clarolineas-1.jpg?id=9584) !important;background-position: center !important;background-repeat: no-repeat !important;background-size: cover !important;}\u00bb][vc_column][vc_row_inner][vc_column_inner width=\u00bb1\/2&#8243;]\r\n\t<div class=\"bauer-spacer clearfix\" data-desktop=\"25\" data-mobi=\"0\" data-smobi=\"0\"><\/div><h2 class=\"bauer-text clearfix \" style=\"font-size:16px;line-height:42px;\"><ul>\n<li>Solicitud de factibilidad, punto de dise\u00f1o y presupuesto de conexi\u00f3n del sistema de utilizaci\u00f3n<\/li>\n<li>Elaboraci\u00f3n de proyectos de media tensi\u00f3n (10 y 22,9KV)<\/li>\n<li>Estudios definitivos y replanteo deproyectos<\/li>\n<li>Obtenci\u00f3n de la conformidad del sistema deutilizaci\u00f3n<\/li>\n<li>Ejecuci\u00f3n de proyectos de mediatensi\u00f3n<\/li>\n<\/ul>\n<\/h2>[\/vc_column_inner][vc_column_inner width=\u00bb1\/2&#8243;]\n\t\t\t<!-- START MEDIA TENSI\u00d3N REVOLUTION SLIDER 6.7.7 --><p class=\"rs-p-wp-fix\"><\/p>\n\t\t\t<rs-module-wrap id=\"rev_slider_8_1_wrapper\" data-source=\"gallery\" style=\"visibility:hidden;background:transparent;padding:0;margin:0px auto;margin-top:0;margin-bottom:0;\">\n\t\t\t\t<rs-module id=\"rev_slider_8_1\" style=\"\" data-version=\"6.7.7\">\n\t\t\t\t\t<rs-slides style=\"overflow: hidden; position: absolute;\">\n\t\t\t\t\t\t<rs-slide style=\"position: absolute;\" data-key=\"rs-22\" data-title=\"Slide\" data-anim=\"ms:1000;r:0;\" data-in=\"o:0;\" data-out=\"a:false;\">\n\t\t\t\t\t\t\t<img decoding=\"async\" src=\"\/\/expertec.pe\/site\/wp-content\/plugins\/revslider\/sr6\/assets\/assets\/dummy.png\" alt=\"\" title=\"MEDIATENSION04\" width=\"858\" height=\"600\" class=\"rev-slidebg tp-rs-img rs-lazyload\" data-lazyload=\"\/\/perutotal.net\/expertec\/wp-content\/uploads\/2020\/12\/MEDIATENSION04.jpg\" data-panzoom=\"d:10000;ss:140%;se:100;\" data-no-retina>\n<!---->\t\t\t\t\t<\/rs-slide>\n\t\t\t\t\t\t<rs-slide style=\"position: absolute;\" data-key=\"rs-23\" data-title=\"Slide\" data-anim=\"ms:1000;r:0;\" data-in=\"o:0;\" data-out=\"a:false;\">\n\t\t\t\t\t\t\t<img decoding=\"async\" src=\"\/\/expertec.pe\/site\/wp-content\/plugins\/revslider\/sr6\/assets\/assets\/dummy.png\" alt=\"\" title=\"MEDIATENSION03\" width=\"987\" height=\"539\" class=\"rev-slidebg tp-rs-img rs-lazyload\" data-lazyload=\"\/\/perutotal.net\/expertec\/wp-content\/uploads\/2020\/12\/MEDIATENSION03.jpg\" data-no-retina>\n<!---->\t\t\t\t\t<\/rs-slide>\n\t\t\t\t\t\t<rs-slide style=\"position: absolute;\" data-key=\"rs-24\" data-title=\"Slide\" data-anim=\"ms:1000;r:0;\" data-in=\"o:0;\" data-out=\"a:false;\">\n\t\t\t\t\t\t\t<img decoding=\"async\" src=\"\/\/expertec.pe\/site\/wp-content\/plugins\/revslider\/sr6\/assets\/assets\/dummy.png\" alt=\"\" title=\"MEDIATENSION01\" width=\"900\" height=\"561\" class=\"rev-slidebg tp-rs-img rs-lazyload\" data-lazyload=\"\/\/perutotal.net\/expertec\/wp-content\/uploads\/2020\/12\/MEDIATENSION01.jpg\" data-no-retina>\n<!---->\t\t\t\t\t<\/rs-slide>\n\t\t\t\t\t\t<rs-slide style=\"position: absolute;\" data-key=\"rs-25\" data-title=\"Slide\" data-anim=\"ms:1000;r:0;\" data-in=\"o:0;\" data-out=\"a:false;\">\n\t\t\t\t\t\t\t<img decoding=\"async\" src=\"\/\/expertec.pe\/site\/wp-content\/plugins\/revslider\/sr6\/assets\/assets\/dummy.png\" alt=\"\" title=\"MEDIATENSION02\" width=\"544\" height=\"633\" class=\"rev-slidebg tp-rs-img rs-lazyload\" data-lazyload=\"\/\/perutotal.net\/expertec\/wp-content\/uploads\/2020\/12\/MEDIATENSION02.jpg\" data-no-retina>\n<!---->\t\t\t\t\t<\/rs-slide>\n\t\t\t\t\t<\/rs-slides>\n\t\t\t\t<\/rs-module>\n\t\t\t\t<script>\n\t\t\t\t\tsetREVStartSize({c: 'rev_slider_8_1',rl:[1240,1024,778,480],el:[1300],gw:[1240],gh:[1300],type:'standard',justify:'',layout:'fullwidth',mh:\"0\"});if (window.RS_MODULES!==undefined && window.RS_MODULES.modules!==undefined && window.RS_MODULES.modules[\"revslider81\"]!==undefined) {window.RS_MODULES.modules[\"revslider81\"].once = false;window.revapi8 = undefined;if (window.RS_MODULES.checkMinimal!==undefined) window.RS_MODULES.checkMinimal()}\n\t\t\t\t<\/script>\n\t\t\t<\/rs-module-wrap>\n\t\t\t<!-- END REVOLUTION SLIDER -->\n[\/vc_column_inner][\/vc_row_inner][\/vc_column][\/vc_row]<\/p>\n<\/div>","protected":false},"excerpt":{"rendered":"<p>[vc_row css=\u00bb.vc_custom_1606936395916{background: #d9d9d9 url(https:\/\/expertec.pe\/site\/wp-content\/uploads\/2020\/12\/clarolineas-1.jpg?id=9584) !important;background-position: center !important;background-repeat: no-repeat !important;background-size: cover !important;}\u00bb][vc_column][vc_row_inner][vc_column_inner width=\u00bb1\/2&#8243;][\/vc_column_inner][vc_column_inner width=\u00bb1\/2&#8243;][\/vc_column_inner][\/vc_row_inner][\/vc_column][\/vc_row]<\/p>\n","protected":false},"author":1,"featured_media":0,"parent":0,"menu_order":0,"comment_status":"closed","ping_status":"closed","template":"","meta":{"footnotes":""},"class_list":["post-9483","page","type-page","status-publish","hentry"],"_links":{"self":[{"href":"https:\/\/expertec.pe\/site\/wp-json\/wp\/v2\/pages\/9483","targetHints":{"allow":["GET"]}}],"collection":[{"href":"https:\/\/expertec.pe\/site\/wp-json\/wp\/v2\/pages"}],"about":[{"href":"https:\/\/expertec.pe\/site\/wp-json\/wp\/v2\/types\/page"}],"author":[{"embeddable":true,"href":"https:\/\/expertec.pe\/site\/wp-json\/wp\/v2\/users\/1"}],"replies":[{"embeddable":true,"href":"https:\/\/expertec.pe\/site\/wp-json\/wp\/v2\/comments?post=9483"}],"version-history":[{"count":25,"href":"https:\/\/expertec.pe\/site\/wp-json\/wp\/v2\/pages\/9483\/revisions"}],"predecessor-version":[{"id":9775,"href":"https:\/\/expertec.pe\/site\/wp-json\/wp\/v2\/pages\/9483\/revisions\/9775"}],"wp:attachment":[{"href":"https:\/\/expertec.pe\/site\/wp-json\/wp\/v2\/media?parent=9483"}],"curies":[{"name":"wp","href":"https:\/\/api.w.org\/{rel}","templated":true}]}}