{"id":9487,"date":"2020-11-28T09:52:51","date_gmt":"2020-11-28T14:52:51","guid":{"rendered":"https:\/\/expertec.pe\/site\/?page_id=9487"},"modified":"2020-12-12T08:42:25","modified_gmt":"2020-12-12T13:42:25","slug":"diseno-y-ejecucion-de-proyectos-electricos-de-baja-tension","status":"publish","type":"page","link":"https:\/\/expertec.pe\/site\/diseno-y-ejecucion-de-proyectos-electricos-de-baja-tension\/","title":{"rendered":"DISE\u00d1O Y EJECUCI\u00d3N DE PROYECTOS EL\u00c9CTRICOS DE BAJA TENSI\u00d3N"},"content":{"rendered":"<div class=\"wpb-content-wrapper\"><p>[vc_row css=\u00bb.vc_custom_1606936395916{background: #d9d9d9 url(https:\/\/expertec.pe\/site\/wp-content\/uploads\/2020\/12\/clarolineas-1.jpg?id=9584) !important;background-position: center !important;background-repeat: no-repeat !important;background-size: cover !important;}\u00bb][vc_column][vc_row_inner][vc_column_inner width=\u00bb1\/2&#8243;]\r\n\t<div class=\"bauer-spacer clearfix\" data-desktop=\"25\" data-mobi=\"0\" data-smobi=\"0\"><\/div><h2 class=\"bauer-text clearfix \" style=\"font-size:16px;line-height:42px;margin-bottom:32px;\"><ul>\n<li>Desarrollo de ingenier\u00eda de redes de baja tensi\u00f3n<\/li>\n<li>Replanteo y actualizaci\u00f3n de planos el\u00e9ctricos de baja tensi\u00f3n<\/li>\n<li>Instalaciones y montaje de redes el\u00e9ctricas de baja tensi\u00f3n<\/li>\n<li>Levantamiento de observaciones de INDECI<\/li>\n<li>Megado de instalaciones el\u00e9ctricas de baja tensi\u00f3n<\/li>\n<\/ul>\n<\/h2>\r\n\t<div class=\"bauer-spacer clearfix\" data-desktop=\"42\" data-mobi=\"30\" data-smobi=\"30\"><\/div>[\/vc_column_inner][vc_column_inner width=\u00bb1\/2&#8243;]\n\t\t\t<!-- START BAJA TENSION REVOLUTION SLIDER 6.7.7 --><p class=\"rs-p-wp-fix\"><\/p>\n\t\t\t<rs-module-wrap id=\"rev_slider_7_1_wrapper\" data-source=\"gallery\" style=\"visibility:hidden;background:transparent;padding:0;margin:0px auto;margin-top:0;margin-bottom:0;\">\n\t\t\t\t<rs-module id=\"rev_slider_7_1\" style=\"\" data-version=\"6.7.7\">\n\t\t\t\t\t<rs-slides style=\"overflow: hidden; position: absolute;\">\n\t\t\t\t\t\t<rs-slide style=\"position: absolute;\" data-key=\"rs-19\" data-title=\"Slide\" data-anim=\"ms:1000;r:0;\" data-in=\"o:0;\" data-out=\"a:false;\">\n\t\t\t\t\t\t\t<img decoding=\"async\" src=\"\/\/expertec.pe\/site\/wp-content\/plugins\/revslider\/sr6\/assets\/assets\/dummy.png\" alt=\"\" title=\"BAJATENSION04\" width=\"1009\" height=\"541\" class=\"rev-slidebg tp-rs-img rs-lazyload\" data-lazyload=\"\/\/perutotal.net\/expertec\/wp-content\/uploads\/2020\/12\/BAJATENSION04.jpg\" data-panzoom=\"d:10000;ss:140%;se:100;\" data-no-retina>\n<!---->\t\t\t\t\t<\/rs-slide>\n\t\t\t\t\t\t<rs-slide style=\"position: absolute;\" data-key=\"rs-20\" data-title=\"Slide\" data-anim=\"ms:1000;r:0;\" data-in=\"o:0;\" data-out=\"a:false;\">\n\t\t\t\t\t\t\t<img decoding=\"async\" src=\"\/\/expertec.pe\/site\/wp-content\/plugins\/revslider\/sr6\/assets\/assets\/dummy.png\" alt=\"\" title=\"BAJATENSION03\" width=\"843\" height=\"498\" class=\"rev-slidebg tp-rs-img rs-lazyload\" data-lazyload=\"\/\/perutotal.net\/expertec\/wp-content\/uploads\/2020\/12\/BAJATENSION03.jpg\" data-no-retina>\n<!---->\t\t\t\t\t<\/rs-slide>\n\t\t\t\t\t\t<rs-slide style=\"position: absolute;\" data-key=\"rs-21\" data-title=\"Slide\" data-anim=\"ms:1000;r:0;\" data-in=\"o:0;\" data-out=\"a:false;\">\n\t\t\t\t\t\t\t<img decoding=\"async\" src=\"\/\/expertec.pe\/site\/wp-content\/plugins\/revslider\/sr6\/assets\/assets\/dummy.png\" alt=\"\" title=\"BAJATENSION01\" width=\"521\" height=\"524\" class=\"rev-slidebg tp-rs-img rs-lazyload\" data-lazyload=\"\/\/perutotal.net\/expertec\/wp-content\/uploads\/2020\/12\/BAJATENSION01.jpg\" data-no-retina>\n<!---->\t\t\t\t\t<\/rs-slide>\n\t\t\t\t\t<\/rs-slides>\n\t\t\t\t<\/rs-module>\n\t\t\t\t<script>\n\t\t\t\t\tsetREVStartSize({c: 'rev_slider_7_1',rl:[1240,1024,778,480],el:[1300],gw:[1240],gh:[1300],type:'standard',justify:'',layout:'fullwidth',mh:\"0\"});if (window.RS_MODULES!==undefined && window.RS_MODULES.modules!==undefined && window.RS_MODULES.modules[\"revslider71\"]!==undefined) {window.RS_MODULES.modules[\"revslider71\"].once = false;window.revapi7 = undefined;if (window.RS_MODULES.checkMinimal!==undefined) window.RS_MODULES.checkMinimal()}\n\t\t\t\t<\/script>\n\t\t\t<\/rs-module-wrap>\n\t\t\t<!-- END REVOLUTION SLIDER -->\n[\/vc_column_inner][\/vc_row_inner]\r\n\t<div class=\"bauer-spacer clearfix\" data-desktop=\"100\" data-mobi=\"0\" data-smobi=\"0\"><\/div>[\/vc_column][\/vc_row]<\/p>\n<\/div>","protected":false},"excerpt":{"rendered":"<p>[vc_row css=\u00bb.vc_custom_1606936395916{background: #d9d9d9 url(https:\/\/expertec.pe\/site\/wp-content\/uploads\/2020\/12\/clarolineas-1.jpg?id=9584) !important;background-position: center !important;background-repeat: no-repeat !important;background-size: cover !important;}\u00bb][vc_column][vc_row_inner][vc_column_inner width=\u00bb1\/2&#8243;][\/vc_column_inner][vc_column_inner width=\u00bb1\/2&#8243;][\/vc_column_inner][\/vc_row_inner][\/vc_column][\/vc_row]<\/p>\n","protected":false},"author":1,"featured_media":0,"parent":0,"menu_order":0,"comment_status":"closed","ping_status":"closed","template":"","meta":{"footnotes":""},"class_list":["post-9487","page","type-page","status-publish","hentry"],"_links":{"self":[{"href":"https:\/\/expertec.pe\/site\/wp-json\/wp\/v2\/pages\/9487","targetHints":{"allow":["GET"]}}],"collection":[{"href":"https:\/\/expertec.pe\/site\/wp-json\/wp\/v2\/pages"}],"about":[{"href":"https:\/\/expertec.pe\/site\/wp-json\/wp\/v2\/types\/page"}],"author":[{"embeddable":true,"href":"https:\/\/expertec.pe\/site\/wp-json\/wp\/v2\/users\/1"}],"replies":[{"embeddable":true,"href":"https:\/\/expertec.pe\/site\/wp-json\/wp\/v2\/comments?post=9487"}],"version-history":[{"count":7,"href":"https:\/\/expertec.pe\/site\/wp-json\/wp\/v2\/pages\/9487\/revisions"}],"predecessor-version":[{"id":9803,"href":"https:\/\/expertec.pe\/site\/wp-json\/wp\/v2\/pages\/9487\/revisions\/9803"}],"wp:attachment":[{"href":"https:\/\/expertec.pe\/site\/wp-json\/wp\/v2\/media?parent=9487"}],"curies":[{"name":"wp","href":"https:\/\/api.w.org\/{rel}","templated":true}]}}